{"id":3602,"date":"2018-01-23T14:13:10","date_gmt":"2018-01-23T16:13:10","guid":{"rendered":"https:\/\/www.aroeirasalles.com.br\/site\/porque-nosso-escritorio\/"},"modified":"2020-05-19T17:49:45","modified_gmt":"2020-05-19T20:49:45","slug":"why-us","status":"publish","type":"page","link":"https:\/\/www.aroeirasalles.com.br\/en\/why-us\/","title":{"rendered":"Why Us"},"content":{"rendered":"","protected":false},"excerpt":{"rendered":"","protected":false},"author":2,"featured_media":3604,"parent":0,"menu_order":8,"comment_status":"closed","ping_status":"closed","template":"template-porque.php","meta":{"inline_featured_image":false,"footnotes":""},"acf":{"missao-visao-introducao":"<p>Pautado pela \u00e9tica e cont\u00ednua forma\u00e7\u00e3o e valoriza\u00e7\u00e3o de seus membros, ser um escrit\u00f3rio de advocacia reconhecido pela excel\u00eancia e efic\u00e1cia das solu\u00e7\u00f5es jur\u00eddicas propostas.<\/p>\n<p>Com \u00e9tica, pessoalidade e proatividade, otimizar o neg\u00f3cio do cliente, provendo-o de solu\u00e7\u00f5es jur\u00eddicas confi\u00e1veis.<\/p>\n","missao-visao-imagem":false,"historia":[{"ano":"1998","texto":"<p><span style=\"font-weight: 400;\">The firm is founded in Belo Horizonte. <\/span><\/p>\n"},{"ano":"2003","texto":"<p><span style=\"font-weight: 400;\">The founding partners Alexandre Aroeira Salles and Patricia Guercio Teixeira Delage start the operation of the firm with its current existing structure.<\/span><\/p>\n"},{"ano":"2005","texto":"<p><span style=\"font-weight: 400;\">Marina Hermeto Corr\u00eaa becomes a partner of the firm.<\/span><\/p>\n"},{"ano":"2006","texto":"<p><span style=\"font-weight: 400;\">Francisco Freitas de Melo Franco Ferreira is a new partner of Aroeira Salles.<\/span><\/p>\n"},{"ano":"2007","texto":"<p><span style=\"font-weight: 400;\">Due to the firm\u2019s extensive work before the Federal Court of Accounts (TCU) and the growth of its practice in the Higher Courts, the next step was to set up the firm\u2019s first office outside Belo Horizonte. <\/span><\/p>\n"},{"ano":"","texto":"<p><span style=\"font-weight: 400;\">Tathiane Vieira Viggiano Fernandes became a partner of Aroeira Salles and heads the Bras\u00edlia office.<\/span><\/p>\n"},{"ano":"2010","texto":"<p><span style=\"font-weight: 400;\">Lawyers Nayron Sousa Russo, Mariana Barbosa Miraglia and Cristiano Nascimento e Figueiredo become partners of the firm.<\/span><\/p>\n"},{"ano":"","texto":"<p><span style=\"font-weight: 400;\">During the works for the World Cup and Olympic Games, a large part of the firm\u2019s infrastructure clients changed their bases to Rio de Janeiro. This time, the best strategy for the firm\u2019s expansion would be to open a Rio office.<\/span><\/p>\n"},{"ano":"2011","texto":"<p><span style=\"font-weight: 400;\">Mariana Barbosa Miraglia takes over the coordination of the Rio de Janeiro office.<\/span><\/p>\n"},{"ano":"2016","texto":"<p><span style=\"font-weight: 400;\">Driven by a desire to expand its operations, to work alongside other international firms and to develop its anti-corruption and compliance practice and knowledge of international standard contracts and practices, the firm opens its first international office in London.<\/span><\/p>\n"},{"ano":"2017","texto":"<p><span style=\"font-weight: 400;\">To honour its commitment to faster service and to expand and seek new business opportunities, the firm\u2019s fifth office was set up this time in S\u00e3o Paulo with partner Nayron Sousa Russo as office head. <\/span><\/p>\n"}],"cards_missao":[{"titulo":"Mission","conteudo":"<p><span style=\"font-weight: 400;\">With an ethical, personalised and proactive approach, optimise our client&#8217;s business by providing reliable, innovative and efficient legal solutions.<\/span><\/p>\n"},{"titulo":"Vision","conteudo":"<p><span style=\"font-weight: 400;\">Guided by ethics, responsibility and the continuous training and appreciation of each member of its team, to be a law firm recognised for the excellence and efficiency of its legal solutions with a view to its sustainable expansion into different sectors of the economy for Brazilian and foreign clients.<\/span><\/p>\n"},{"titulo":"Values","conteudo":"<p><span style=\"font-weight: 400;\">Focus on the client and excellence in the legal services we provide;<br \/>\n<\/span>Ethical conduct and respect in both internal and external relations;<br \/>\n<span style=\"font-weight: 400;\">Constant training and appreciation of our team;<br \/>\n<\/span>Valuing teamwork and good communication;<br \/>\nDiversity, inclusion and well-being;<br \/>\nInnovation.<\/p>\n"}],"subtitulo-pagina":"","valores-coluna-1":"<p><span style=\"font-weight: 400;\">We believe that the law is one of the main tools to transform society and achieve more balanced and fair relations.<\/span><\/p>\n<p><span style=\"font-weight: 400;\">Having ethics as a value that guides all of our activities, we strive to provide our clients with the best service possible, with a commitment to understanding their specific business needs and providing commercial advice that provides legal security while enabling their business to thrive. <\/span><\/p>\n","valores-coluna-2":"<p><span style=\"font-weight: 400;\">We look to provide legal solutions that inspire confidence not only from our clients but also the institutions before which we act.<\/span><\/p>\n"},"yoast_head":"<!-- This site is optimized with the Yoast SEO plugin v21.7 - https:\/\/yoast.com\/wordpress\/plugins\/seo\/ -->\n<title>Why Us - Aroeira Salles Advogados<\/title>\n<meta name=\"description\" content=\"Acreditamos que o Direito \u00e9 uma das principais ferramentas de transforma\u00e7\u00e3o da sociedade e o caminho para conquistar rela\u00e7\u00f5es mais equilibradas e justas.\" \/>\n<meta name=\"robots\" content=\"index, follow, max-snippet:-1, max-image-preview:large, max-video-preview:-1\" \/>\n<link rel=\"canonical\" href=\"https:\/\/www.aroeirasalles.com.br\/en\/why-us\/\" \/>\n<meta property=\"og:locale\" content=\"en_US\" \/>\n<meta property=\"og:type\" content=\"article\" \/>\n<meta property=\"og:title\" content=\"Why Us - Aroeira Salles Advogados\" \/>\n<meta property=\"og:description\" content=\"Acreditamos que o Direito \u00e9 uma das principais ferramentas de transforma\u00e7\u00e3o da sociedade e o caminho para conquistar rela\u00e7\u00f5es mais equilibradas e justas.\" \/>\n<meta property=\"og:url\" content=\"https:\/\/www.aroeirasalles.com.br\/en\/why-us\/\" \/>\n<meta property=\"og:site_name\" content=\"Aroeira Salles Advogados\" \/>\n<meta property=\"article:publisher\" content=\"https:\/\/www.facebook.com\/aroeirasalles\/\" \/>\n<meta property=\"article:modified_time\" content=\"2020-05-19T20:49:45+00:00\" \/>\n<meta property=\"og:image\" content=\"https:\/\/www.aroeirasalles.com.br\/site\/wp-content\/uploads\/2018\/05\/Foto-serra-do-curral1.jpg\" \/>\n\t<meta property=\"og:image:width\" content=\"1900\" \/>\n\t<meta property=\"og:image:height\" content=\"732\" \/>\n\t<meta property=\"og:image:type\" content=\"image\/jpeg\" \/>\n<meta name=\"twitter:card\" content=\"summary_large_image\" \/>\n<script type=\"application\/ld+json\" class=\"yoast-schema-graph\">{\"@context\":\"https:\/\/schema.org\",\"@graph\":[{\"@type\":\"WebPage\",\"@id\":\"https:\/\/www.aroeirasalles.com.br\/en\/why-us\/\",\"url\":\"https:\/\/www.aroeirasalles.com.br\/en\/why-us\/\",\"name\":\"Why Us - Aroeira Salles Advogados\",\"isPartOf\":{\"@id\":\"https:\/\/www.aroeirasalles.com.br\/#website\"},\"datePublished\":\"2018-01-23T16:13:10+00:00\",\"dateModified\":\"2020-05-19T20:49:45+00:00\",\"description\":\"Acreditamos que o Direito \u00e9 uma das principais ferramentas de transforma\u00e7\u00e3o da sociedade e o caminho para conquistar rela\u00e7\u00f5es mais equilibradas e justas.\",\"breadcrumb\":{\"@id\":\"https:\/\/www.aroeirasalles.com.br\/en\/why-us\/#breadcrumb\"},\"inLanguage\":\"en-US\",\"potentialAction\":[{\"@type\":\"ReadAction\",\"target\":[\"https:\/\/www.aroeirasalles.com.br\/en\/why-us\/\"]}]},{\"@type\":\"BreadcrumbList\",\"@id\":\"https:\/\/www.aroeirasalles.com.br\/en\/why-us\/#breadcrumb\",\"itemListElement\":[{\"@type\":\"ListItem\",\"position\":1,\"name\":\"In\u00edcio\",\"item\":\"https:\/\/www.aroeirasalles.com.br\/en\/\"},{\"@type\":\"ListItem\",\"position\":2,\"name\":\"Why Us\"}]},{\"@type\":\"WebSite\",\"@id\":\"https:\/\/www.aroeirasalles.com.br\/#website\",\"url\":\"https:\/\/www.aroeirasalles.com.br\/\",\"name\":\"Aroeira Salles Advogados\",\"description\":\"Prestamos assessoria a empresas nacionais e internacionais de v\u00e1rios setores da economia, garantindo sua seguran\u00e7a jur\u00eddica nas diferentes fases de um projeto.\",\"publisher\":{\"@id\":\"https:\/\/www.aroeirasalles.com.br\/#organization\"},\"potentialAction\":[{\"@type\":\"SearchAction\",\"target\":{\"@type\":\"EntryPoint\",\"urlTemplate\":\"https:\/\/www.aroeirasalles.com.br\/?s={search_term_string}\"},\"query-input\":\"required name=search_term_string\"}],\"inLanguage\":\"en-US\"},{\"@type\":\"Organization\",\"@id\":\"https:\/\/www.aroeirasalles.com.br\/#organization\",\"name\":\"Aroeira Salles Advogados\",\"url\":\"https:\/\/www.aroeirasalles.com.br\/\",\"logo\":{\"@type\":\"ImageObject\",\"inLanguage\":\"en-US\",\"@id\":\"https:\/\/www.aroeirasalles.com.br\/#\/schema\/logo\/image\/\",\"url\":\"https:\/\/www.aroeirasalles.com.br\/site\/wp-content\/uploads\/2018\/12\/2018_09_04_ASA_logo_300dpi-01.png\",\"contentUrl\":\"https:\/\/www.aroeirasalles.com.br\/site\/wp-content\/uploads\/2018\/12\/2018_09_04_ASA_logo_300dpi-01.png\",\"width\":1182,\"height\":626,\"caption\":\"Aroeira Salles Advogados\"},\"image\":{\"@id\":\"https:\/\/www.aroeirasalles.com.br\/#\/schema\/logo\/image\/\"},\"sameAs\":[\"https:\/\/www.facebook.com\/aroeirasalles\/\",\"https:\/\/www.linkedin.com\/company\/aroeira-salles-advogados\/\"]}]}<\/script>\n<!-- \/ Yoast SEO plugin. -->","yoast_head_json":{"title":"Why Us - Aroeira Salles Advogados","description":"Acreditamos que o Direito \u00e9 uma das principais ferramentas de transforma\u00e7\u00e3o da sociedade e o caminho para conquistar rela\u00e7\u00f5es mais equilibradas e justas.","robots":{"index":"index","follow":"follow","max-snippet":"max-snippet:-1","max-image-preview":"max-image-preview:large","max-video-preview":"max-video-preview:-1"},"canonical":"https:\/\/www.aroeirasalles.com.br\/en\/why-us\/","og_locale":"en_US","og_type":"article","og_title":"Why Us - Aroeira Salles Advogados","og_description":"Acreditamos que o Direito \u00e9 uma das principais ferramentas de transforma\u00e7\u00e3o da sociedade e o caminho para conquistar rela\u00e7\u00f5es mais equilibradas e justas.","og_url":"https:\/\/www.aroeirasalles.com.br\/en\/why-us\/","og_site_name":"Aroeira Salles Advogados","article_publisher":"https:\/\/www.facebook.com\/aroeirasalles\/","article_modified_time":"2020-05-19T20:49:45+00:00","og_image":[{"width":1900,"height":732,"url":"https:\/\/www.aroeirasalles.com.br\/site\/wp-content\/uploads\/2018\/05\/Foto-serra-do-curral1.jpg","type":"image\/jpeg"}],"twitter_card":"summary_large_image","schema":{"@context":"https:\/\/schema.org","@graph":[{"@type":"WebPage","@id":"https:\/\/www.aroeirasalles.com.br\/en\/why-us\/","url":"https:\/\/www.aroeirasalles.com.br\/en\/why-us\/","name":"Why Us - Aroeira Salles Advogados","isPartOf":{"@id":"https:\/\/www.aroeirasalles.com.br\/#website"},"datePublished":"2018-01-23T16:13:10+00:00","dateModified":"2020-05-19T20:49:45+00:00","description":"Acreditamos que o Direito \u00e9 uma das principais ferramentas de transforma\u00e7\u00e3o da sociedade e o caminho para conquistar rela\u00e7\u00f5es mais equilibradas e justas.","breadcrumb":{"@id":"https:\/\/www.aroeirasalles.com.br\/en\/why-us\/#breadcrumb"},"inLanguage":"en-US","potentialAction":[{"@type":"ReadAction","target":["https:\/\/www.aroeirasalles.com.br\/en\/why-us\/"]}]},{"@type":"BreadcrumbList","@id":"https:\/\/www.aroeirasalles.com.br\/en\/why-us\/#breadcrumb","itemListElement":[{"@type":"ListItem","position":1,"name":"In\u00edcio","item":"https:\/\/www.aroeirasalles.com.br\/en\/"},{"@type":"ListItem","position":2,"name":"Why Us"}]},{"@type":"WebSite","@id":"https:\/\/www.aroeirasalles.com.br\/#website","url":"https:\/\/www.aroeirasalles.com.br\/","name":"Aroeira Salles Advogados","description":"Prestamos assessoria a empresas nacionais e internacionais de v\u00e1rios setores da economia, garantindo sua seguran\u00e7a jur\u00eddica nas diferentes fases de um projeto.","publisher":{"@id":"https:\/\/www.aroeirasalles.com.br\/#organization"},"potentialAction":[{"@type":"SearchAction","target":{"@type":"EntryPoint","urlTemplate":"https:\/\/www.aroeirasalles.com.br\/?s={search_term_string}"},"query-input":"required name=search_term_string"}],"inLanguage":"en-US"},{"@type":"Organization","@id":"https:\/\/www.aroeirasalles.com.br\/#organization","name":"Aroeira Salles Advogados","url":"https:\/\/www.aroeirasalles.com.br\/","logo":{"@type":"ImageObject","inLanguage":"en-US","@id":"https:\/\/www.aroeirasalles.com.br\/#\/schema\/logo\/image\/","url":"https:\/\/www.aroeirasalles.com.br\/site\/wp-content\/uploads\/2018\/12\/2018_09_04_ASA_logo_300dpi-01.png","contentUrl":"https:\/\/www.aroeirasalles.com.br\/site\/wp-content\/uploads\/2018\/12\/2018_09_04_ASA_logo_300dpi-01.png","width":1182,"height":626,"caption":"Aroeira Salles Advogados"},"image":{"@id":"https:\/\/www.aroeirasalles.com.br\/#\/schema\/logo\/image\/"},"sameAs":["https:\/\/www.facebook.com\/aroeirasalles\/","https:\/\/www.linkedin.com\/company\/aroeira-salles-advogados\/"]}]}},"_links":{"self":[{"href":"https:\/\/www.aroeirasalles.com.br\/en\/wp-json\/wp\/v2\/pages\/3602"}],"collection":[{"href":"https:\/\/www.aroeirasalles.com.br\/en\/wp-json\/wp\/v2\/pages"}],"about":[{"href":"https:\/\/www.aroeirasalles.com.br\/en\/wp-json\/wp\/v2\/types\/page"}],"author":[{"embeddable":true,"href":"https:\/\/www.aroeirasalles.com.br\/en\/wp-json\/wp\/v2\/users\/2"}],"replies":[{"embeddable":true,"href":"https:\/\/www.aroeirasalles.com.br\/en\/wp-json\/wp\/v2\/comments?post=3602"}],"version-history":[{"count":3,"href":"https:\/\/www.aroeirasalles.com.br\/en\/wp-json\/wp\/v2\/pages\/3602\/revisions"}],"predecessor-version":[{"id":3786,"href":"https:\/\/www.aroeirasalles.com.br\/en\/wp-json\/wp\/v2\/pages\/3602\/revisions\/3786"}],"wp:featuredmedia":[{"embeddable":true,"href":"https:\/\/www.aroeirasalles.com.br\/en\/wp-json\/wp\/v2\/media\/3604"}],"wp:attachment":[{"href":"https:\/\/www.aroeirasalles.com.br\/en\/wp-json\/wp\/v2\/media?parent=3602"}],"curies":[{"name":"wp","href":"https:\/\/api.w.org\/{rel}","templated":true}]}}