{"id":3564,"date":"2017-06-11T18:20:40","date_gmt":"2017-06-11T21:20:40","guid":{"rendered":"https:\/\/www.aroeirasalles.com.br\/site\/home\/"},"modified":"2024-12-04T18:15:01","modified_gmt":"2024-12-04T21:15:01","slug":"home","status":"publish","type":"page","link":"https:\/\/www.aroeirasalles.com.br\/en\/","title":{"rendered":"A Market Leading Law Firm"},"content":{"rendered":"<p>Aroeira Salles is a leading law firm advising clients in relation to all stages of their operations and investments. Our strategic presence in key commercial centres means that we are ideally placed to assist our clients across a number of areas. Our active international offices enable us to effectively advise a range of businesses.<\/p>\n<h2><b>Having a deep understanding of our client\u2019s business<\/b><\/h2>\n<p><span style=\"font-weight: 400;\">The expertise of our team goes beyond an understanding of the law. In all cases in which we act, we study the facts, closely analyse the reality of the client and the sector of the economy in which they are involved. We also undertake detailed studies of the jurisprudence relating to a matter, making sure that we are always up to date with the positions taken by the courts and authorities. <\/span><\/p>\n","protected":false},"excerpt":{"rendered":"<p>Aroeira Salles is a leading law firm advising clients in relation to all stages of their operations and investments. Our strategic presence in key commercial centres means that we are ideally placed to assist our clients across a number of areas. Our active international offices enable us to effectively advise a range of businesses. Having [&hellip;]<\/p>\n","protected":false},"author":2,"featured_media":3566,"parent":0,"menu_order":6,"comment_status":"closed","ping_status":"closed","template":"","meta":{"inline_featured_image":false,"footnotes":""},"acf":{"equipe-section-titulo":"A bit about our team","equipe-section-imagem":{"ID":4889,"id":4889,"title":"2021_02_09_asa_so\u0301cios@2x_tiny","filename":"2021_02_09_asa_so\u0301cios@2x_tiny.png","filesize":177824,"url":"https:\/\/www.aroeirasalles.com.br\/site\/wp-content\/uploads\/2021\/02\/2021_02_09_asa_so\u0301cios@2x_tiny.png","link":"https:\/\/www.aroeirasalles.com.br\/en\/home\/2021_02_09_asa_socios2x_tiny\/","alt":"","author":"2","description":"","caption":"","name":"2021_02_09_asa_socios2x_tiny","status":"inherit","uploaded_to":3564,"date":"2021-02-09 19:16:08","modified":"2021-02-09 19:16:08","menu_order":0,"mime_type":"image\/png","type":"image","subtype":"png","icon":"https:\/\/www.aroeirasalles.com.br\/site\/wp-includes\/images\/media\/default.png","width":892,"height":521,"sizes":{"thumbnail":"https:\/\/www.aroeirasalles.com.br\/site\/wp-content\/uploads\/2021\/02\/2021_02_09_asa_so\u0301cios@2x_tiny-150x150.png","thumbnail-width":150,"thumbnail-height":150,"medium":"https:\/\/www.aroeirasalles.com.br\/site\/wp-content\/uploads\/2021\/02\/2021_02_09_asa_so\u0301cios@2x_tiny.png","medium-width":300,"medium-height":175,"medium_large":"https:\/\/www.aroeirasalles.com.br\/site\/wp-content\/uploads\/2021\/02\/2021_02_09_asa_so\u0301cios@2x_tiny.png","medium_large-width":768,"medium_large-height":449,"large":"https:\/\/www.aroeirasalles.com.br\/site\/wp-content\/uploads\/2021\/02\/2021_02_09_asa_so\u0301cios@2x_tiny.png","large-width":892,"large-height":521,"1536x1536":"https:\/\/www.aroeirasalles.com.br\/site\/wp-content\/uploads\/2021\/02\/2021_02_09_asa_so\u0301cios@2x_tiny.png","1536x1536-width":892,"1536x1536-height":521,"2048x2048":"https:\/\/www.aroeirasalles.com.br\/site\/wp-content\/uploads\/2021\/02\/2021_02_09_asa_so\u0301cios@2x_tiny.png","2048x2048-width":892,"2048x2048-height":521,"img-page-featured":"https:\/\/www.aroeirasalles.com.br\/site\/wp-content\/uploads\/2021\/02\/2021_02_09_asa_so\u0301cios@2x_tiny-890x500.png","img-page-featured-width":890,"img-page-featured-height":500,"img-blog-archive":"https:\/\/www.aroeirasalles.com.br\/site\/wp-content\/uploads\/2021\/02\/2021_02_09_asa_so\u0301cios@2x_tiny-578x281.png","img-blog-archive-width":578,"img-blog-archive-height":281,"img-gallery-big":"https:\/\/www.aroeirasalles.com.br\/site\/wp-content\/uploads\/2021\/02\/2021_02_09_asa_so\u0301cios@2x_tiny-595x315.png","img-gallery-big-width":595,"img-gallery-big-height":315,"img-feature-card":"https:\/\/www.aroeirasalles.com.br\/site\/wp-content\/uploads\/2021\/02\/2021_02_09_asa_so\u0301cios@2x_tiny-285x400.png","img-feature-card-width":285,"img-feature-card-height":400,"img-feature-single":"https:\/\/www.aroeirasalles.com.br\/site\/wp-content\/uploads\/2021\/02\/2021_02_09_asa_so\u0301cios@2x_tiny.png","img-feature-single-width":892,"img-feature-single-height":521,"img-tab":"https:\/\/www.aroeirasalles.com.br\/site\/wp-content\/uploads\/2021\/02\/2021_02_09_asa_so\u0301cios@2x_tiny-720x521.png","img-tab-width":720,"img-tab-height":521,"img-hero":"https:\/\/www.aroeirasalles.com.br\/site\/wp-content\/uploads\/2021\/02\/2021_02_09_asa_so\u0301cios@2x_tiny-892x430.png","img-hero-width":892,"img-hero-height":430,"img-media-object-half":"https:\/\/www.aroeirasalles.com.br\/site\/wp-content\/uploads\/2021\/02\/2021_02_09_asa_so\u0301cios@2x_tiny-600x338.png","img-media-object-half-width":600,"img-media-object-half-height":338,"img-slider":"https:\/\/www.aroeirasalles.com.br\/site\/wp-content\/uploads\/2021\/02\/2021_02_09_asa_so\u0301cios@2x_tiny.png","img-slider-width":892,"img-slider-height":521,"img-search":"https:\/\/www.aroeirasalles.com.br\/site\/wp-content\/uploads\/2021\/02\/2021_02_09_asa_so\u0301cios@2x_tiny-300x225.png","img-search-width":300,"img-search-height":225,"single-corpo-clinico":"https:\/\/www.aroeirasalles.com.br\/site\/wp-content\/uploads\/2021\/02\/2021_02_09_asa_so\u0301cios@2x_tiny-285x285.png","single-corpo-clinico-width":285,"single-corpo-clinico-height":285,"img-header":"https:\/\/www.aroeirasalles.com.br\/site\/wp-content\/uploads\/2021\/02\/2021_02_09_asa_so\u0301cios@2x_tiny-892x350.png","img-header-width":892,"img-header-height":350,"img-servico":"https:\/\/www.aroeirasalles.com.br\/site\/wp-content\/uploads\/2021\/02\/2021_02_09_asa_so\u0301cios@2x_tiny-800x300.png","img-servico-width":800,"img-servico-height":300,"yarpp-thumbnail":"https:\/\/www.aroeirasalles.com.br\/site\/wp-content\/uploads\/2021\/02\/2021_02_09_asa_so\u0301cios@2x_tiny.png","yarpp-thumbnail-width":120,"yarpp-thumbnail-height":70}},"equipe-section-texto":"<p><span style=\"font-weight: 400;\">Our lawyers are dedicated to understanding our client\u2019s business and providing commercial solutions that meet their specific needs. Our priority is to provide our clients with legal security in their business operations and work effectively to defend their interests. <\/span><\/p>\n","subtitulo-pagina":""},"yoast_head":"<!-- This site is optimized with the Yoast SEO plugin v21.7 - https:\/\/yoast.com\/wordpress\/plugins\/seo\/ -->\n<title>A Market Leading Law Firm - Aroeira Salles Advogados<\/title>\n<meta name=\"robots\" content=\"index, follow, max-snippet:-1, max-image-preview:large, max-video-preview:-1\" \/>\n<link rel=\"canonical\" href=\"https:\/\/www.aroeirasalles.com.br\/en\/\" \/>\n<meta property=\"og:locale\" content=\"en_US\" \/>\n<meta property=\"og:type\" content=\"article\" \/>\n<meta property=\"og:title\" content=\"A Market Leading Law Firm - Aroeira Salles Advogados\" \/>\n<meta property=\"og:description\" content=\"Aroeira Salles is a leading law firm advising clients in relation to all stages of their operations and investments. Our strategic presence in key commercial centres means that we are ideally placed to assist our clients across a number of areas. Our active international offices enable us to effectively advise a range of businesses. Having [&hellip;]\" \/>\n<meta property=\"og:url\" content=\"https:\/\/www.aroeirasalles.com.br\/en\/\" \/>\n<meta property=\"og:site_name\" content=\"Aroeira Salles Advogados\" \/>\n<meta property=\"article:publisher\" content=\"https:\/\/www.facebook.com\/aroeirasalles\/\" \/>\n<meta property=\"article:modified_time\" content=\"2024-12-04T21:15:01+00:00\" \/>\n<meta property=\"og:image\" content=\"https:\/\/www.aroeirasalles.com.br\/site\/wp-content\/uploads\/2018\/05\/Foto_5-1.jpg\" \/>\n\t<meta property=\"og:image:width\" content=\"1500\" \/>\n\t<meta property=\"og:image:height\" content=\"1005\" \/>\n\t<meta property=\"og:image:type\" content=\"image\/jpeg\" \/>\n<meta name=\"twitter:card\" content=\"summary_large_image\" \/>\n<meta name=\"twitter:label1\" content=\"Est. reading time\" \/>\n\t<meta name=\"twitter:data1\" content=\"1 minute\" \/>\n<script type=\"application\/ld+json\" class=\"yoast-schema-graph\">{\"@context\":\"https:\/\/schema.org\",\"@graph\":[{\"@type\":\"WebPage\",\"@id\":\"https:\/\/www.aroeirasalles.com.br\/en\/\",\"url\":\"https:\/\/www.aroeirasalles.com.br\/en\/\",\"name\":\"A Market Leading Law Firm - Aroeira Salles Advogados\",\"isPartOf\":{\"@id\":\"https:\/\/www.aroeirasalles.com.br\/#website\"},\"datePublished\":\"2017-06-11T21:20:40+00:00\",\"dateModified\":\"2024-12-04T21:15:01+00:00\",\"breadcrumb\":{\"@id\":\"https:\/\/www.aroeirasalles.com.br\/en\/#breadcrumb\"},\"inLanguage\":\"en-US\",\"potentialAction\":[{\"@type\":\"ReadAction\",\"target\":[\"https:\/\/www.aroeirasalles.com.br\/en\/\"]}]},{\"@type\":\"BreadcrumbList\",\"@id\":\"https:\/\/www.aroeirasalles.com.br\/en\/#breadcrumb\",\"itemListElement\":[{\"@type\":\"ListItem\",\"position\":1,\"name\":\"In\u00edcio\",\"item\":\"https:\/\/www.aroeirasalles.com.br\/en\/\"},{\"@type\":\"ListItem\",\"position\":2,\"name\":\"A Market Leading Law Firm\"}]},{\"@type\":\"WebSite\",\"@id\":\"https:\/\/www.aroeirasalles.com.br\/#website\",\"url\":\"https:\/\/www.aroeirasalles.com.br\/\",\"name\":\"Aroeira Salles Advogados\",\"description\":\"Prestamos assessoria a empresas nacionais e internacionais de v\u00e1rios setores da economia, garantindo sua seguran\u00e7a jur\u00eddica nas diferentes fases de um projeto.\",\"publisher\":{\"@id\":\"https:\/\/www.aroeirasalles.com.br\/#organization\"},\"potentialAction\":[{\"@type\":\"SearchAction\",\"target\":{\"@type\":\"EntryPoint\",\"urlTemplate\":\"https:\/\/www.aroeirasalles.com.br\/?s={search_term_string}\"},\"query-input\":\"required name=search_term_string\"}],\"inLanguage\":\"en-US\"},{\"@type\":\"Organization\",\"@id\":\"https:\/\/www.aroeirasalles.com.br\/#organization\",\"name\":\"Aroeira Salles Advogados\",\"url\":\"https:\/\/www.aroeirasalles.com.br\/\",\"logo\":{\"@type\":\"ImageObject\",\"inLanguage\":\"en-US\",\"@id\":\"https:\/\/www.aroeirasalles.com.br\/#\/schema\/logo\/image\/\",\"url\":\"https:\/\/www.aroeirasalles.com.br\/site\/wp-content\/uploads\/2018\/12\/2018_09_04_ASA_logo_300dpi-01.png\",\"contentUrl\":\"https:\/\/www.aroeirasalles.com.br\/site\/wp-content\/uploads\/2018\/12\/2018_09_04_ASA_logo_300dpi-01.png\",\"width\":1182,\"height\":626,\"caption\":\"Aroeira Salles Advogados\"},\"image\":{\"@id\":\"https:\/\/www.aroeirasalles.com.br\/#\/schema\/logo\/image\/\"},\"sameAs\":[\"https:\/\/www.facebook.com\/aroeirasalles\/\",\"https:\/\/www.linkedin.com\/company\/aroeira-salles-advogados\/\"]}]}<\/script>\n<!-- \/ Yoast SEO plugin. -->","yoast_head_json":{"title":"A Market Leading Law Firm - Aroeira Salles Advogados","robots":{"index":"index","follow":"follow","max-snippet":"max-snippet:-1","max-image-preview":"max-image-preview:large","max-video-preview":"max-video-preview:-1"},"canonical":"https:\/\/www.aroeirasalles.com.br\/en\/","og_locale":"en_US","og_type":"article","og_title":"A Market Leading Law Firm - Aroeira Salles Advogados","og_description":"Aroeira Salles is a leading law firm advising clients in relation to all stages of their operations and investments. Our strategic presence in key commercial centres means that we are ideally placed to assist our clients across a number of areas. Our active international offices enable us to effectively advise a range of businesses. Having [&hellip;]","og_url":"https:\/\/www.aroeirasalles.com.br\/en\/","og_site_name":"Aroeira Salles Advogados","article_publisher":"https:\/\/www.facebook.com\/aroeirasalles\/","article_modified_time":"2024-12-04T21:15:01+00:00","og_image":[{"width":1500,"height":1005,"url":"https:\/\/www.aroeirasalles.com.br\/site\/wp-content\/uploads\/2018\/05\/Foto_5-1.jpg","type":"image\/jpeg"}],"twitter_card":"summary_large_image","twitter_misc":{"Est. reading time":"1 minute"},"schema":{"@context":"https:\/\/schema.org","@graph":[{"@type":"WebPage","@id":"https:\/\/www.aroeirasalles.com.br\/en\/","url":"https:\/\/www.aroeirasalles.com.br\/en\/","name":"A Market Leading Law Firm - Aroeira Salles Advogados","isPartOf":{"@id":"https:\/\/www.aroeirasalles.com.br\/#website"},"datePublished":"2017-06-11T21:20:40+00:00","dateModified":"2024-12-04T21:15:01+00:00","breadcrumb":{"@id":"https:\/\/www.aroeirasalles.com.br\/en\/#breadcrumb"},"inLanguage":"en-US","potentialAction":[{"@type":"ReadAction","target":["https:\/\/www.aroeirasalles.com.br\/en\/"]}]},{"@type":"BreadcrumbList","@id":"https:\/\/www.aroeirasalles.com.br\/en\/#breadcrumb","itemListElement":[{"@type":"ListItem","position":1,"name":"In\u00edcio","item":"https:\/\/www.aroeirasalles.com.br\/en\/"},{"@type":"ListItem","position":2,"name":"A Market Leading Law Firm"}]},{"@type":"WebSite","@id":"https:\/\/www.aroeirasalles.com.br\/#website","url":"https:\/\/www.aroeirasalles.com.br\/","name":"Aroeira Salles Advogados","description":"Prestamos assessoria a empresas nacionais e internacionais de v\u00e1rios setores da economia, garantindo sua seguran\u00e7a jur\u00eddica nas diferentes fases de um projeto.","publisher":{"@id":"https:\/\/www.aroeirasalles.com.br\/#organization"},"potentialAction":[{"@type":"SearchAction","target":{"@type":"EntryPoint","urlTemplate":"https:\/\/www.aroeirasalles.com.br\/?s={search_term_string}"},"query-input":"required name=search_term_string"}],"inLanguage":"en-US"},{"@type":"Organization","@id":"https:\/\/www.aroeirasalles.com.br\/#organization","name":"Aroeira Salles Advogados","url":"https:\/\/www.aroeirasalles.com.br\/","logo":{"@type":"ImageObject","inLanguage":"en-US","@id":"https:\/\/www.aroeirasalles.com.br\/#\/schema\/logo\/image\/","url":"https:\/\/www.aroeirasalles.com.br\/site\/wp-content\/uploads\/2018\/12\/2018_09_04_ASA_logo_300dpi-01.png","contentUrl":"https:\/\/www.aroeirasalles.com.br\/site\/wp-content\/uploads\/2018\/12\/2018_09_04_ASA_logo_300dpi-01.png","width":1182,"height":626,"caption":"Aroeira Salles Advogados"},"image":{"@id":"https:\/\/www.aroeirasalles.com.br\/#\/schema\/logo\/image\/"},"sameAs":["https:\/\/www.facebook.com\/aroeirasalles\/","https:\/\/www.linkedin.com\/company\/aroeira-salles-advogados\/"]}]}},"_links":{"self":[{"href":"https:\/\/www.aroeirasalles.com.br\/en\/wp-json\/wp\/v2\/pages\/3564"}],"collection":[{"href":"https:\/\/www.aroeirasalles.com.br\/en\/wp-json\/wp\/v2\/pages"}],"about":[{"href":"https:\/\/www.aroeirasalles.com.br\/en\/wp-json\/wp\/v2\/types\/page"}],"author":[{"embeddable":true,"href":"https:\/\/www.aroeirasalles.com.br\/en\/wp-json\/wp\/v2\/users\/2"}],"replies":[{"embeddable":true,"href":"https:\/\/www.aroeirasalles.com.br\/en\/wp-json\/wp\/v2\/comments?post=3564"}],"version-history":[{"count":7,"href":"https:\/\/www.aroeirasalles.com.br\/en\/wp-json\/wp\/v2\/pages\/3564\/revisions"}],"predecessor-version":[{"id":6678,"href":"https:\/\/www.aroeirasalles.com.br\/en\/wp-json\/wp\/v2\/pages\/3564\/revisions\/6678"}],"wp:featuredmedia":[{"embeddable":true,"href":"https:\/\/www.aroeirasalles.com.br\/en\/wp-json\/wp\/v2\/media\/3566"}],"wp:attachment":[{"href":"https:\/\/www.aroeirasalles.com.br\/en\/wp-json\/wp\/v2\/media?parent=3564"}],"curies":[{"name":"wp","href":"https:\/\/api.w.org\/{rel}","templated":true}]}}